{"id":2,"date":"2020-11-02T11:25:32","date_gmt":"2020-11-02T10:25:32","guid":{"rendered":"https:\/\/fellowshipforfuture.org\/?page_id=2"},"modified":"2021-01-18T13:20:41","modified_gmt":"2021-01-18T12:20:41","slug":"beispiel-seite","status":"publish","type":"page","link":"https:\/\/fellowshipforfuture.org\/","title":{"rendered":""},"content":{"rendered":"\n<h2 class=\"has-text-align-center\">Unsere Ziele<\/h2>\n\n\n\n<p class=\"has-text-align-center\">Ziel und Aufgabe des gemeinn\u00fctzigen Vereins Fellowship for Future e.V. ist es, in Deutschland und Europa auf das globale Ph\u00e4nomen CARELEAVING aufmerksam zu machen, und vor allem in Kolumbien Projekte zu unterst\u00fctzen, die sich der Problematik annehmen.<\/p>\n\n\n\n<figure class=\"wp-block-gallery columns-3 is-cropped\"><ul class=\"blocks-gallery-grid\"><li class=\"blocks-gallery-item\"><figure><img loading=\"lazy\" width=\"1024\" height=\"768\" src=\"https:\/\/fellowshipforfuture.org\/wp-content\/uploads\/2020\/11\/Acuerdo--1024x768.jpeg\" alt=\"\" data-id=\"20\" data-full-url=\"https:\/\/fellowshipforfuture.org\/wp-content\/uploads\/2020\/11\/Acuerdo--scaled.jpeg\" data-link=\"https:\/\/fellowshipforfuture.org\/index.php\/beispiel-seite\/acuerdo\/\" class=\"wp-image-20\" srcset=\"https:\/\/fellowshipforfuture.org\/wp-content\/uploads\/2020\/11\/Acuerdo--1024x768.jpeg 1024w, https:\/\/fellowshipforfuture.org\/wp-content\/uploads\/2020\/11\/Acuerdo--300x225.jpeg 300w, https:\/\/fellowshipforfuture.org\/wp-content\/uploads\/2020\/11\/Acuerdo--768x576.jpeg 768w, https:\/\/fellowshipforfuture.org\/wp-content\/uploads\/2020\/11\/Acuerdo--1536x1152.jpeg 1536w, https:\/\/fellowshipforfuture.org\/wp-content\/uploads\/2020\/11\/Acuerdo--2048x1536.jpeg 2048w\" sizes=\"(max-width: 706px) 89vw, (max-width: 767px) 82vw, 740px\" \/><\/figure><\/li><li class=\"blocks-gallery-item\"><figure><img loading=\"lazy\" width=\"1024\" height=\"768\" src=\"https:\/\/fellowshipforfuture.org\/wp-content\/uploads\/2020\/11\/Vostandssitzung-1024x768.jpg\" alt=\"\" data-id=\"23\" data-full-url=\"https:\/\/fellowshipforfuture.org\/wp-content\/uploads\/2020\/11\/Vostandssitzung-scaled.jpg\" data-link=\"https:\/\/fellowshipforfuture.org\/index.php\/beispiel-seite\/vostandssitzung\/\" class=\"wp-image-23\" srcset=\"https:\/\/fellowshipforfuture.org\/wp-content\/uploads\/2020\/11\/Vostandssitzung-1024x768.jpg 1024w, https:\/\/fellowshipforfuture.org\/wp-content\/uploads\/2020\/11\/Vostandssitzung-300x225.jpg 300w, https:\/\/fellowshipforfuture.org\/wp-content\/uploads\/2020\/11\/Vostandssitzung-768x576.jpg 768w, https:\/\/fellowshipforfuture.org\/wp-content\/uploads\/2020\/11\/Vostandssitzung-1536x1152.jpg 1536w, https:\/\/fellowshipforfuture.org\/wp-content\/uploads\/2020\/11\/Vostandssitzung-2048x1536.jpg 2048w\" sizes=\"(max-width: 706px) 89vw, (max-width: 767px) 82vw, 740px\" \/><\/figure><\/li><li class=\"blocks-gallery-item\"><figure><img loading=\"lazy\" width=\"768\" height=\"1024\" src=\"https:\/\/fellowshipforfuture.org\/wp-content\/uploads\/2020\/11\/FFF_Vivi_Alina-768x1024.jpg\" alt=\"\" data-id=\"22\" data-full-url=\"https:\/\/fellowshipforfuture.org\/wp-content\/uploads\/2020\/11\/FFF_Vivi_Alina-scaled.jpg\" data-link=\"https:\/\/fellowshipforfuture.org\/index.php\/beispiel-seite\/fff_vivi_alina\/\" class=\"wp-image-22\" srcset=\"https:\/\/fellowshipforfuture.org\/wp-content\/uploads\/2020\/11\/FFF_Vivi_Alina-768x1024.jpg 768w, https:\/\/fellowshipforfuture.org\/wp-content\/uploads\/2020\/11\/FFF_Vivi_Alina-225x300.jpg 225w, https:\/\/fellowshipforfuture.org\/wp-content\/uploads\/2020\/11\/FFF_Vivi_Alina-1152x1536.jpg 1152w, https:\/\/fellowshipforfuture.org\/wp-content\/uploads\/2020\/11\/FFF_Vivi_Alina-1536x2048.jpg 1536w, https:\/\/fellowshipforfuture.org\/wp-content\/uploads\/2020\/11\/FFF_Vivi_Alina-scaled.jpg 1920w\" sizes=\"(max-width: 706px) 89vw, (max-width: 767px) 82vw, 740px\" \/><\/figure><\/li><li class=\"blocks-gallery-item\"><figure><img loading=\"lazy\" width=\"1024\" height=\"683\" src=\"https:\/\/fellowshipforfuture.org\/wp-content\/uploads\/2020\/11\/Werbematerial-FeFoFu-2-1024x683.jpeg\" alt=\"\" data-id=\"24\" data-full-url=\"https:\/\/fellowshipforfuture.org\/wp-content\/uploads\/2020\/11\/Werbematerial-FeFoFu-2-scaled.jpeg\" data-link=\"https:\/\/fellowshipforfuture.org\/index.php\/beispiel-seite\/werbematerial-fefofu-2\/\" class=\"wp-image-24\" srcset=\"https:\/\/fellowshipforfuture.org\/wp-content\/uploads\/2020\/11\/Werbematerial-FeFoFu-2-1024x683.jpeg 1024w, https:\/\/fellowshipforfuture.org\/wp-content\/uploads\/2020\/11\/Werbematerial-FeFoFu-2-300x200.jpeg 300w, https:\/\/fellowshipforfuture.org\/wp-content\/uploads\/2020\/11\/Werbematerial-FeFoFu-2-768x512.jpeg 768w, https:\/\/fellowshipforfuture.org\/wp-content\/uploads\/2020\/11\/Werbematerial-FeFoFu-2-1536x1024.jpeg 1536w, https:\/\/fellowshipforfuture.org\/wp-content\/uploads\/2020\/11\/Werbematerial-FeFoFu-2-2048x1365.jpeg 2048w\" sizes=\"(max-width: 706px) 89vw, (max-width: 767px) 82vw, 740px\" \/><\/figure><\/li><\/ul><\/figure>\n\n\n\n<p><\/p>\n","protected":false},"excerpt":{"rendered":"<p>Unsere Ziele Ziel und Aufgabe des gemeinn\u00fctzigen Vereins Fellowship for Future e.V. ist es, in Deutschland und Europa auf das globale Ph\u00e4nomen CARELEAVING aufmerksam zu machen, und vor allem in Kolumbien Projekte zu unterst\u00fctzen, die sich der Problematik annehmen.<\/p>\n","protected":false},"author":1,"featured_media":0,"parent":0,"menu_order":0,"comment_status":"closed","ping_status":"open","template":"","meta":[],"_links":{"self":[{"href":"https:\/\/fellowshipforfuture.org\/index.php\/wp-json\/wp\/v2\/pages\/2"}],"collection":[{"href":"https:\/\/fellowshipforfuture.org\/index.php\/wp-json\/wp\/v2\/pages"}],"about":[{"href":"https:\/\/fellowshipforfuture.org\/index.php\/wp-json\/wp\/v2\/types\/page"}],"author":[{"embeddable":true,"href":"https:\/\/fellowshipforfuture.org\/index.php\/wp-json\/wp\/v2\/users\/1"}],"replies":[{"embeddable":true,"href":"https:\/\/fellowshipforfuture.org\/index.php\/wp-json\/wp\/v2\/comments?post=2"}],"version-history":[{"count":24,"href":"https:\/\/fellowshipforfuture.org\/index.php\/wp-json\/wp\/v2\/pages\/2\/revisions"}],"predecessor-version":[{"id":146,"href":"https:\/\/fellowshipforfuture.org\/index.php\/wp-json\/wp\/v2\/pages\/2\/revisions\/146"}],"wp:attachment":[{"href":"https:\/\/fellowshipforfuture.org\/index.php\/wp-json\/wp\/v2\/media?parent=2"}],"curies":[{"name":"wp","href":"https:\/\/api.w.org\/{rel}","templated":true}]}}