{"id":42,"date":"2020-11-15T21:14:20","date_gmt":"2020-11-15T20:14:20","guid":{"rendered":"https:\/\/fellowshipforfuture.org\/?page_id=42"},"modified":"2020-12-21T11:40:56","modified_gmt":"2020-12-21T10:40:56","slug":"spenden","status":"publish","type":"page","link":"https:\/\/fellowshipforfuture.org\/index.php\/spenden\/","title":{"rendered":"Spenden"},"content":{"rendered":"\n<p class=\"has-text-align-left\"><strong>Du m\u00f6chtest Fellowship for Future e.V. unterst\u00fctzen?<br><\/strong>Dann gibt es diese M\u00f6glichkeiten:<\/p>\n\n\n\n<p>Eine Monatsspende, um nachhaltige Kooperationen zu st\u00e4rken.<br>Eine Einmalspende, um punktuell, spezifische Veranstaltungen und Projekte zu f\u00f6rdern.<\/p>\n\n\n\n<p><strong>Das garantieren wir:<br><\/strong>100% Deiner Spenden kommen an, und zwar dort, wo sie wirklich gebraucht werden. Wir f\u00fchren keine Anteile f\u00fcr Werbung o.\u00c4. ab.<\/p>\n\n\n\n<p><strong>Paypal: <\/strong><\/p>\n\n\n\n<div class=\"wp-block-buttons\">\n<div class=\"wp-block-button is-style-outline\"><a class=\"wp-block-button__link\" href=\"https:\/\/www.paypal.com\/paypalme\/FellowshipForFuture\">Spenden<\/a><\/div>\n<\/div>\n\n\n\n<p><\/p>\n\n\n\n<p><strong>Spendenkonto<\/strong>:<br>Fellowship for Future e.V.<br>IBAN: DE43 4306 0967 2073 0596 00<br>GLS Bank<\/p>\n\n\n\n<p><em>Gerne stellen wir auf Anfrage auch Spendenbescheinigungen aus. <\/em><\/p>\n","protected":false},"excerpt":{"rendered":"<p>Du m\u00f6chtest Fellowship for Future e.V. unterst\u00fctzen?Dann gibt es diese M\u00f6glichkeiten: Eine Monatsspende, um nachhaltige Kooperationen zu st\u00e4rken.Eine Einmalspende, um punktuell, spezifische Veranstaltungen und Projekte zu f\u00f6rdern. Das garantieren wir:100% Deiner Spenden kommen an, und zwar dort, wo sie wirklich gebraucht werden. Wir f\u00fchren keine Anteile f\u00fcr Werbung o.\u00c4. ab. Paypal: Spendenkonto:Fellowship for Future e.V.IBAN: &hellip; <\/p>\n<p class=\"link-more\"><a href=\"https:\/\/fellowshipforfuture.org\/index.php\/spenden\/\" class=\"more-link\"><span class=\"screen-reader-text\">\u201eSpenden\u201c<\/span> weiterlesen<\/a><\/p>\n","protected":false},"author":1,"featured_media":0,"parent":0,"menu_order":0,"comment_status":"closed","ping_status":"closed","template":"","meta":[],"_links":{"self":[{"href":"https:\/\/fellowshipforfuture.org\/index.php\/wp-json\/wp\/v2\/pages\/42"}],"collection":[{"href":"https:\/\/fellowshipforfuture.org\/index.php\/wp-json\/wp\/v2\/pages"}],"about":[{"href":"https:\/\/fellowshipforfuture.org\/index.php\/wp-json\/wp\/v2\/types\/page"}],"author":[{"embeddable":true,"href":"https:\/\/fellowshipforfuture.org\/index.php\/wp-json\/wp\/v2\/users\/1"}],"replies":[{"embeddable":true,"href":"https:\/\/fellowshipforfuture.org\/index.php\/wp-json\/wp\/v2\/comments?post=42"}],"version-history":[{"count":6,"href":"https:\/\/fellowshipforfuture.org\/index.php\/wp-json\/wp\/v2\/pages\/42\/revisions"}],"predecessor-version":[{"id":141,"href":"https:\/\/fellowshipforfuture.org\/index.php\/wp-json\/wp\/v2\/pages\/42\/revisions\/141"}],"wp:attachment":[{"href":"https:\/\/fellowshipforfuture.org\/index.php\/wp-json\/wp\/v2\/media?parent=42"}],"curies":[{"name":"wp","href":"https:\/\/api.w.org\/{rel}","templated":true}]}}