{"id":57,"date":"2020-11-15T21:16:25","date_gmt":"2020-11-15T20:16:25","guid":{"rendered":"https:\/\/fellowshipforfuture.org\/?page_id=57"},"modified":"2020-11-15T21:26:08","modified_gmt":"2020-11-15T20:26:08","slug":"unsere-arbeit","status":"publish","type":"page","link":"https:\/\/fellowshipforfuture.org\/index.php\/unsere-arbeit\/","title":{"rendered":"Unsere Arbeit"},"content":{"rendered":"\n<figure class=\"wp-block-image size-large\"><img loading=\"lazy\" width=\"1024\" height=\"768\" src=\"https:\/\/fellowshipforfuture.org\/wp-content\/uploads\/2020\/11\/Vostandssitzung-1024x768.jpg\" alt=\"\" class=\"wp-image-23\" srcset=\"https:\/\/fellowshipforfuture.org\/wp-content\/uploads\/2020\/11\/Vostandssitzung-1024x768.jpg 1024w, https:\/\/fellowshipforfuture.org\/wp-content\/uploads\/2020\/11\/Vostandssitzung-300x225.jpg 300w, https:\/\/fellowshipforfuture.org\/wp-content\/uploads\/2020\/11\/Vostandssitzung-768x576.jpg 768w, https:\/\/fellowshipforfuture.org\/wp-content\/uploads\/2020\/11\/Vostandssitzung-1536x1152.jpg 1536w, https:\/\/fellowshipforfuture.org\/wp-content\/uploads\/2020\/11\/Vostandssitzung-2048x1536.jpg 2048w\" sizes=\"(max-width: 706px) 89vw, (max-width: 767px) 82vw, 740px\" \/><figcaption>Vorstandssitzung in Bremen<\/figcaption><\/figure>\n\n\n\n<p class=\"has-text-align-left\">Wir unterst\u00fctzen <strong>Careleaver*<\/strong>, vor allem in Kolumbien, w\u00e4hrend und nach ihrem Auszug aus der station\u00e4ren Jugendhilfe. Hilf uns jetzt dabei, ihre Tr\u00e4ume in Zukunft zu verwandeln.<\/p>\n\n\n\n<p class=\"has-text-align-left\"><strong>*Careleaver. <\/strong>Das sind junge Erwachsene, die in einer Institution der Jugendhilfe (Waisenheime) oder Pflegefamilien aufgewachsen sind. Sobald sie ihre Vollj\u00e4hrigkeit erreicht haben, brauchen sie Hilfe, wie jeder andere junge Erwachsene auch, um ein gutes und eigenst\u00e4ndiges Leben zu f\u00fchren &#8211; mit dem Unterschied, dass sie keine Eltern oder Familie haben, die sie unterst\u00fctzt. Um ihr Potenzial zu entfalten und ihre Tr\u00e4ume zu verwirklichen, braucht es nicht viel: Ein wenig Orientierung und Begleitung, Respekt und jemanden, der an sie glaubt und sie unterst\u00fctzt, nicht nur, wenn es hart auf hart kommt.<\/p>\n\n\n\n<p class=\"has-text-align-left\">In der station\u00e4ren Jugendhilfe aufzuwachsen hinterl\u00e4sst Spuren. In kolumbianischen Institutionen darf und muss man bis zum 18. Lebensjahr Entscheidungen nicht selbst treffen, soziale und kommunikative F\u00e4higkeiten k\u00f6nnen sich kaum entwickeln. Und dann steht der Auszug bevor: ohne finanzielle R\u00fccklagen, ohne soziales Netzwerk, ohne Zuhause und ohne auf diesen Moment und die n\u00e4chsten Schritte vorbereitet worden zu sein, denn es gibt kein staatliches oder institutionelles Unterst\u00fctzungsprogramm.<\/p>\n","protected":false},"excerpt":{"rendered":"<p>Wir unterst\u00fctzen Careleaver*, vor allem in Kolumbien, w\u00e4hrend und nach ihrem Auszug aus der station\u00e4ren Jugendhilfe. Hilf uns jetzt dabei, ihre Tr\u00e4ume in Zukunft zu verwandeln. *Careleaver. Das sind junge Erwachsene, die in einer Institution der Jugendhilfe (Waisenheime) oder Pflegefamilien aufgewachsen sind. Sobald sie ihre Vollj\u00e4hrigkeit erreicht haben, brauchen sie Hilfe, wie jeder andere junge &hellip; <\/p>\n<p class=\"link-more\"><a href=\"https:\/\/fellowshipforfuture.org\/index.php\/unsere-arbeit\/\" class=\"more-link\"><span class=\"screen-reader-text\">\u201eUnsere Arbeit\u201c<\/span> weiterlesen<\/a><\/p>\n","protected":false},"author":1,"featured_media":0,"parent":0,"menu_order":0,"comment_status":"closed","ping_status":"closed","template":"","meta":[],"_links":{"self":[{"href":"https:\/\/fellowshipforfuture.org\/index.php\/wp-json\/wp\/v2\/pages\/57"}],"collection":[{"href":"https:\/\/fellowshipforfuture.org\/index.php\/wp-json\/wp\/v2\/pages"}],"about":[{"href":"https:\/\/fellowshipforfuture.org\/index.php\/wp-json\/wp\/v2\/types\/page"}],"author":[{"embeddable":true,"href":"https:\/\/fellowshipforfuture.org\/index.php\/wp-json\/wp\/v2\/users\/1"}],"replies":[{"embeddable":true,"href":"https:\/\/fellowshipforfuture.org\/index.php\/wp-json\/wp\/v2\/comments?post=57"}],"version-history":[{"count":4,"href":"https:\/\/fellowshipforfuture.org\/index.php\/wp-json\/wp\/v2\/pages\/57\/revisions"}],"predecessor-version":[{"id":147,"href":"https:\/\/fellowshipforfuture.org\/index.php\/wp-json\/wp\/v2\/pages\/57\/revisions\/147"}],"wp:attachment":[{"href":"https:\/\/fellowshipforfuture.org\/index.php\/wp-json\/wp\/v2\/media?parent=57"}],"curies":[{"name":"wp","href":"https:\/\/api.w.org\/{rel}","templated":true}]}}